{"id":176,"date":"2023-08-18T21:51:43","date_gmt":"2023-08-18T21:51:43","guid":{"rendered":"http:\/\/radhustorg.is\/?page_id=176"},"modified":"2023-08-18T21:51:43","modified_gmt":"2023-08-18T21:51:43","slug":"leigureglur","status":"publish","type":"page","link":"http:\/\/radhustorg.is\/?page_id=176","title":{"rendered":"Leigureglur"},"content":{"rendered":"<h3>Leigureglur<\/h3>\n<ol>\n<li>Leigutaki skal eigi vera yngri en 25 \u00e1ra og \u00fearf sj\u00e1lfur a\u00f0 vera gestur \u00ed \u00edb\u00fa\u00f0inni me\u00f0an \u00e1 leigu stendur, nema um anna\u00f0 s\u00e9 s\u00e9rstaklega sami\u00f0. S\u00e9 ekki sta\u00f0i\u00f0 vi\u00f0 \u00feennan \u00fe\u00e1tt \u00e1skiljum vi\u00f0 okkur r\u00e9tt til a\u00f0 v\u00edkja dvalargestum tafarlaust \u00far \u00edb\u00fa\u00f0inni.<\/li>\n<li>Til sta\u00f0festingar b\u00f3kun skal grei\u00f0a sta\u00f0festingargjald (25% af leiguver\u00f0i)\u00a0en eftirst\u00f6\u00f0var leigu skulu greiddar a\u00f0 fullu a.m.k. 14 d\u00f6gum fyrir komudag.<span class=\"Apple-style-span\" style=\"font-size: xx-small;\"><span class=\"Apple-style-span\">\u00a0\u00a0<\/span><\/span>Sta\u00f0festingargrei\u00f0slan skal hafa borist innan 12 t\u00edma fr\u00e1 b\u00f3kun, ellegar er liti\u00f0 svo \u00e1 a\u00f0 falli\u00f0 hafi veri\u00f0 veri\u00f0 fr\u00e1 b\u00f3kun. Sta\u00f0festingargjald endurgrei\u00f0ist ef afb\u00f3kun berst a.m.k. 4 vikum fyrir upphafsdag leigu.<\/li>\n<li>Reykingar eru ekki leyf\u00f0ar innandyra. Ef reykt er utanh\u00fass skal taka me\u00f0 s\u00e9r \u00edl\u00e1t undir stubba og \u00f6sku og g\u00e6ta \u00feess a\u00f0 ganga vel um umhverfi\u00f0.<\/li>\n<li>G\u00e6lud\u00fdr eru ekki leyf\u00f0 \u00ed \u00edb\u00fa\u00f0inni.<\/li>\n<li>\u00cdb\u00fa\u00f0in er \u00e6tlu\u00f0 8 gestum \u00ed mesta lagi. Vinsamlega vir\u00f0i\u00f0 \u00feann fj\u00f6lda ellegar \u00e1skiljum vi\u00f0 okkur r\u00e9tt til a\u00f0 v\u00edkja dvalargestum tafarlaust \u00far \u00edb\u00fa\u00f0inni.<\/li>\n<li>R\u00fdma skal \u00edb\u00fa\u00f0ina eigi s\u00ed\u00f0ar en kl. 12 \u00e1 h\u00e1degi \u00e1 brottfarardegi en komut\u00edmi er eftir kl. 17 \u00e1 upphafsdegi dvalar.<\/li>\n<li>Dvalargestir eru be\u00f0nir um a\u00f0 s\u00fdna n\u00e1gr\u00f6nnum \u00edtrustu tillitsemi. Svefnr\u00f3 skal vera \u00ed h\u00fasinu fr\u00e1 kl. 23 til kl. 08.<\/li>\n<li>Leigutaki ber fulla \u00e1byrg\u00f0 \u00e1 umgengni og \u00f6llu innb\u00fai me\u00f0an \u00e1 dv\u00f6l stendur og er skuldbundinn til a\u00f0 b\u00e6ta tj\u00f3n sem ver\u00f0a kann af hans v\u00f6ldum e\u00f0a \u00feeirra sem dvelja \u00e1 hans vegum. Leigutaki skal l\u00e1ta vita ef eitthva\u00f0 bilar e\u00f0a brotnar.<\/li>\n<li>Leigutaka ber a\u00f0 kynna s\u00e9r umgengisreglur \u00ed uppl\u00fdsingam\u00f6ppu \u00ed \u00edb\u00fa\u00f0. Ganga skal vel um h\u00fas og umhverfi \u00feess, skilja vel vi\u00f0 \u00edb\u00fa\u00f0ina og sj\u00e1 um a\u00f0 hver hlutur s\u00e9 \u00e1 s\u00ednum sta\u00f0 vi\u00f0 brottf\u00f6r.<\/li>\n<\/ol>\n<p>&nbsp;<\/p>\n<p><a href=\"http:\/\/www.radhustorg.is\">Til baka<\/a><\/p>\n","protected":false},"excerpt":{"rendered":"<p>Leigureglur Leigutaki skal eigi vera yngri en 25 \u00e1ra og \u00fearf sj\u00e1lfur a\u00f0 vera gestur \u00ed \u00edb\u00fa\u00f0inni me\u00f0an \u00e1 leigu stendur, nema um anna\u00f0 s\u00e9 s\u00e9rstaklega sami\u00f0. S\u00e9 ekki sta\u00f0i\u00f0 vi\u00f0 \u00feennan \u00fe\u00e1tt \u00e1skiljum vi\u00f0 okkur r\u00e9tt til a\u00f0 v\u00edkja dvalargestum tafarlaust \u00far \u00edb\u00fa\u00f0inni. Til sta\u00f0festingar b\u00f3kun skal grei\u00f0a sta\u00f0festingargjald (25% af leiguver\u00f0i)\u00a0en eftirst\u00f6\u00f0var leigu &hellip; <\/p>\n<p class=\"link-more\"><a href=\"http:\/\/radhustorg.is\/?page_id=176\" class=\"more-link\">Continue reading<span class=\"screen-reader-text\"> &#8220;Leigureglur&#8221;<\/span><\/a><\/p>\n","protected":false},"author":1,"featured_media":313,"parent":0,"menu_order":0,"comment_status":"closed","ping_status":"closed","template":"","meta":{"footnotes":""},"_links":{"self":[{"href":"http:\/\/radhustorg.is\/index.php?rest_route=\/wp\/v2\/pages\/176"}],"collection":[{"href":"http:\/\/radhustorg.is\/index.php?rest_route=\/wp\/v2\/pages"}],"about":[{"href":"http:\/\/radhustorg.is\/index.php?rest_route=\/wp\/v2\/types\/page"}],"author":[{"embeddable":true,"href":"http:\/\/radhustorg.is\/index.php?rest_route=\/wp\/v2\/users\/1"}],"replies":[{"embeddable":true,"href":"http:\/\/radhustorg.is\/index.php?rest_route=%2Fwp%2Fv2%2Fcomments&post=176"}],"version-history":[{"count":2,"href":"http:\/\/radhustorg.is\/index.php?rest_route=\/wp\/v2\/pages\/176\/revisions"}],"predecessor-version":[{"id":180,"href":"http:\/\/radhustorg.is\/index.php?rest_route=\/wp\/v2\/pages\/176\/revisions\/180"}],"wp:featuredmedia":[{"embeddable":true,"href":"http:\/\/radhustorg.is\/index.php?rest_route=\/wp\/v2\/media\/313"}],"wp:attachment":[{"href":"http:\/\/radhustorg.is\/index.php?rest_route=%2Fwp%2Fv2%2Fmedia&parent=176"}],"curies":[{"name":"wp","href":"https:\/\/api.w.org\/{rel}","templated":true}]}}